{"id":14,"date":"2024-01-16T13:40:30","date_gmt":"2024-01-16T12:40:30","guid":{"rendered":"https:\/\/celine-julien.fr\/index.php\/contact-us\/"},"modified":"2024-04-29T21:21:33","modified_gmt":"2024-04-29T19:21:33","slug":"contact","status":"publish","type":"page","link":"https:\/\/celine-julien.fr\/index.php\/decouvrir-celine-psychopraticienne-a-vincennes\/contact\/","title":{"rendered":"Me contacter"},"content":{"rendered":"\t\t<div data-elementor-type=\"wp-page\" data-elementor-id=\"14\" class=\"elementor elementor-14\">\n\t\t\t\t<div class=\"elementor-element elementor-element-4acf6ef7 e-con-full e-flex e-con e-parent\" data-id=\"4acf6ef7\" data-element_type=\"container\" data-e-type=\"container\" data-settings=\"{&quot;background_background&quot;:&quot;classic&quot;}\">\n\t\t\t\t<div class=\"elementor-element elementor-element-70b567f9 elementor-invisible elementor-widget elementor-widget-heading\" data-id=\"70b567f9\" data-element_type=\"widget\" data-e-type=\"widget\" data-settings=\"{&quot;_animation&quot;:&quot;fadeIn&quot;}\" data-widget_type=\"heading.default\">\n\t\t\t\t<div class=\"elementor-widget-container\">\n\t\t\t\t\t<h1 class=\"elementor-heading-title elementor-size-medium\">\ud83c\udf31 C\u00e9line Julien - Psychopraticienne<\/h1>\t\t\t\t<\/div>\n\t\t\t\t<\/div>\n\t\t\t\t<div class=\"elementor-element elementor-element-bb5855b elementor-invisible elementor-widget elementor-widget-heading\" data-id=\"bb5855b\" data-element_type=\"widget\" data-e-type=\"widget\" data-settings=\"{&quot;_animation&quot;:&quot;fadeIn&quot;}\" data-widget_type=\"heading.default\">\n\t\t\t\t<div class=\"elementor-widget-container\">\n\t\t\t\t\t<h5 class=\"elementor-heading-title elementor-size-default\">Enfants | Adolescent-e-s | Adultes \/\n\nVincennes \n\/\n06.50.22.55.50<\/h5>\t\t\t\t<\/div>\n\t\t\t\t<\/div>\n\t\t\t\t<\/div>\n\t\t<div class=\"elementor-element elementor-element-7839692d e-flex e-con-boxed e-con e-parent\" data-id=\"7839692d\" data-element_type=\"container\" data-e-type=\"container\">\n\t\t\t\t\t<div class=\"e-con-inner\">\n\t\t\t\t<div class=\"elementor-element elementor-element-43f4e0ce elementor-widget elementor-widget-heading\" data-id=\"43f4e0ce\" data-element_type=\"widget\" data-e-type=\"widget\" data-widget_type=\"heading.default\">\n\t\t\t\t<div class=\"elementor-widget-container\">\n\t\t\t\t\t<h2 class=\"elementor-heading-title elementor-size-default\">Me contatcter<\/h2>\t\t\t\t<\/div>\n\t\t\t\t<\/div>\n\t\t\t\t<div class=\"elementor-element elementor-element-54978be4 elementor-widget elementor-widget-google_maps\" data-id=\"54978be4\" data-element_type=\"widget\" data-e-type=\"widget\" data-widget_type=\"google_maps.default\">\n\t\t\t\t<div class=\"elementor-widget-container\">\n\t\t\t\t\t\t\t<div class=\"elementor-custom-embed\">\n\t\t\t<iframe loading=\"lazy\"\n\t\t\t\t\tsrc=\"https:\/\/maps.google.com\/maps?q=Le%20cabinet%20se%20situe%20au%2022%20avenue%20Franklin%20Roosevelt%20-%2094300%20Vincennes&#038;t=m&#038;z=12&#038;output=embed&#038;iwloc=near\"\n\t\t\t\t\ttitle=\"Le cabinet se situe au 22 avenue Franklin Roosevelt - 94300 Vincennes\"\n\t\t\t\t\taria-label=\"Le cabinet se situe au 22 avenue Franklin Roosevelt - 94300 Vincennes\"\n\t\t\t><\/iframe>\n\t\t<\/div>\n\t\t\t\t\t\t<\/div>\n\t\t\t\t<\/div>\n\t\t<div class=\"elementor-element elementor-element-46d6cfd e-grid e-con-boxed e-con e-child\" data-id=\"46d6cfd\" data-element_type=\"container\" data-e-type=\"container\">\n\t\t\t\t\t<div class=\"e-con-inner\">\n\t\t\t\t<div class=\"elementor-element elementor-element-5cb1c35a elementor-widget elementor-widget-text-editor\" data-id=\"5cb1c35a\" data-element_type=\"widget\" data-e-type=\"widget\" data-widget_type=\"text-editor.default\">\n\t\t\t\t<div class=\"elementor-widget-container\">\n\t\t\t\t\t\t\t\t\t<p>Comment contacter C\u00e9line Julien, psychopraticienne \u00e0 Vincennes ?<\/p><h2>\ud83d\ude83. Transport<\/h2><p>M\u00e9tro Ligne 1 arr\u00eat B\u00e9rault<\/p><p>RER A arr\u00eat Vincennes<\/p><p>Bus 56, 318 et 325 arr\u00eat Vignerons<\/p><p>Bus 118, 124 arr\u00eat Avenue du Ch\u00e2teau<\/p><h2>\u260e\ufe0f. T\u00e9l\u00e9phone<\/h2><p>Vous pouvez me contacter au 06.50.22.55.50, nous prendrons le temps d\u2019\u00e9changer avant de prendre rendez-vous.\u00a0<br \/><br \/><\/p><p><!-- notionvc: c4c73e74-6218-47bf-8325-22cd24860cc2 --><\/p>\t\t\t\t\t\t\t\t<\/div>\n\t\t\t\t<\/div>\n\t\t\t\t<div class=\"elementor-element elementor-element-5217c6b elementor-widget elementor-widget-image\" data-id=\"5217c6b\" data-element_type=\"widget\" data-e-type=\"widget\" data-widget_type=\"image.default\">\n\t\t\t\t<div class=\"elementor-widget-container\">\n\t\t\t\t\t\t\t\t\t\t\t\t\t\t\t<img fetchpriority=\"high\" decoding=\"async\" width=\"1024\" height=\"680\" src=\"https:\/\/celine-julien.fr\/wp-content\/uploads\/2024\/04\/PI42854-hr-1024x680.jpg\" class=\"attachment-large size-large wp-image-178\" alt=\"\" srcset=\"https:\/\/celine-julien.fr\/wp-content\/uploads\/2024\/04\/PI42854-hr-1024x680.jpg 1024w, https:\/\/celine-julien.fr\/wp-content\/uploads\/2024\/04\/PI42854-hr-300x199.jpg 300w, https:\/\/celine-julien.fr\/wp-content\/uploads\/2024\/04\/PI42854-hr-768x510.jpg 768w, https:\/\/celine-julien.fr\/wp-content\/uploads\/2024\/04\/PI42854-hr-1536x1021.jpg 1536w, https:\/\/celine-julien.fr\/wp-content\/uploads\/2024\/04\/PI42854-hr.jpg 1800w\" sizes=\"(max-width: 1024px) 100vw, 1024px\" \/>\t\t\t\t\t\t\t\t\t\t\t\t\t\t\t<\/div>\n\t\t\t\t<\/div>\n\t\t\t\t\t<\/div>\n\t\t\t\t<\/div>\n\t\t\t\t<div class=\"elementor-element elementor-element-5048f2d elementor-widget elementor-widget-wpforms\" data-id=\"5048f2d\" data-element_type=\"widget\" data-e-type=\"widget\" data-widget_type=\"wpforms.default\">\n\t\t\t\t<div class=\"elementor-widget-container\">\n\t\t\t\t\t<style id=\"wpforms-css-vars-elementor-widget-5048f2d\">\n\t\t\t\t.elementor-widget-wpforms.elementor-element-5048f2d {\n\t\t\t\t--wpforms-field-border-radius: 15px;\n--wpforms-field-background-color: #FFFFFF;\n--wpforms-field-text-color: #FFFFFF05;\n--wpforms-label-color: #FFFFFFD9;\n--wpforms-label-sublabel-color: #FFFFFF8C;\n--wpforms-button-background-color: #AEBF2A;\n--wpforms-field-size-input-height: 31px;\n--wpforms-field-size-input-spacing: 10px;\n--wpforms-field-size-font-size: 14px;\n--wpforms-field-size-line-height: 17px;\n--wpforms-field-size-padding-h: 9px;\n--wpforms-field-size-checkbox-size: 14px;\n--wpforms-field-size-sublabel-spacing: 5px;\n--wpforms-field-size-icon-size: 0.75;\n--wpforms-label-size-font-size: 18px;\n--wpforms-label-size-line-height: 21px;\n--wpforms-label-size-sublabel-font-size: 16px;\n--wpforms-label-size-sublabel-line-height: 19px;\n\t\t\t}\n\t\t\t<\/style><div class=\"wpforms-container wpforms-container-full wpforms-render-modern\" id=\"wpforms-78\"><form id=\"wpforms-form-78\" class=\"wpforms-validate wpforms-form wpforms-ajax-form\" data-formid=\"78\" method=\"post\" enctype=\"multipart\/form-data\" action=\"\/index.php\/wp-json\/wp\/v2\/pages\/14\" data-token=\"beff8a488663ef2eeb6461dcfc9882ea\" data-token-time=\"1777499952\"><div class=\"wpforms-head-container\"><div class=\"wpforms-title\">Me contacter<\/div><\/div><noscript class=\"wpforms-error-noscript\">Please enable JavaScript in your browser to complete this form.<\/noscript><div id=\"wpforms-error-noscript\" style=\"display: none;\">Please enable JavaScript in your browser to complete this form.<\/div><div class=\"wpforms-field-container\"><div id=\"wpforms-78-field_0-container\" class=\"wpforms-field wpforms-field-name\" data-field-id=\"0\"><fieldset><legend class=\"wpforms-field-label\">Nom <span class=\"wpforms-required-label\" aria-hidden=\"true\">*<\/span><\/legend><div class=\"wpforms-field-row wpforms-field-medium\"><div class=\"wpforms-field-row-block wpforms-first wpforms-one-half\"><input type=\"text\" id=\"wpforms-78-field_0\" class=\"wpforms-field-name-first wpforms-field-required\" name=\"wpforms[fields][0][first]\" aria-errormessage=\"wpforms-78-field_0-error\" required><label for=\"wpforms-78-field_0\" class=\"wpforms-field-sublabel after\">First<\/label><\/div><div class=\"wpforms-field-row-block wpforms-one-half\"><input type=\"text\" id=\"wpforms-78-field_0-last\" class=\"wpforms-field-name-last wpforms-field-required\" name=\"wpforms[fields][0][last]\" aria-errormessage=\"wpforms-78-field_0-last-error\" required><label for=\"wpforms-78-field_0-last\" class=\"wpforms-field-sublabel after\">Last<\/label><\/div><\/div><\/fieldset><\/div><div id=\"wpforms-78-field_1-container\" class=\"wpforms-field wpforms-field-email\" data-field-id=\"1\"><label class=\"wpforms-field-label\" for=\"wpforms-78-field_1\">E-mail <span class=\"wpforms-required-label\" aria-hidden=\"true\">*<\/span><\/label><input type=\"email\" id=\"wpforms-78-field_1\" class=\"wpforms-field-medium wpforms-field-required\" name=\"wpforms[fields][1]\" placeholder=\"adresse@exemple.com\" spellcheck=\"false\" aria-errormessage=\"wpforms-78-field_1-error\" required><\/div><div id=\"wpforms-78-field_2-container\" class=\"wpforms-field wpforms-field-textarea\" data-field-id=\"2\"><label class=\"wpforms-field-label\" for=\"wpforms-78-field_2\">Votre message <span class=\"wpforms-required-label\" aria-hidden=\"true\">*<\/span><\/label><textarea id=\"wpforms-78-field_2\" class=\"wpforms-field-medium wpforms-field-required\" name=\"wpforms[fields][2]\" aria-errormessage=\"wpforms-78-field_2-error\" required><\/textarea><\/div><\/div><!-- .wpforms-field-container --><div class=\"wpforms-submit-container\" ><input type=\"hidden\" name=\"wpforms[id]\" value=\"78\"><input type=\"hidden\" name=\"page_title\" value=\"\"><input type=\"hidden\" name=\"page_url\" value=\"https:\/\/celine-julien.fr\/index.php\/wp-json\/wp\/v2\/pages\/14\"><input type=\"hidden\" name=\"url_referer\" value=\"\"><button type=\"submit\" name=\"wpforms[submit]\" id=\"wpforms-submit-78\" class=\"wpforms-submit\" data-alt-text=\"Envoi...\" data-submit-text=\"Envoyer\" aria-live=\"assertive\" value=\"wpforms-submit\">Envoyer<\/button><img decoding=\"async\" src=\"https:\/\/celine-julien.fr\/wp-content\/plugins\/wpforms-lite\/assets\/images\/submit-spin.svg\" class=\"wpforms-submit-spinner\" style=\"display: none;\" width=\"26\" height=\"26\" alt=\"Loading\"><\/div><\/form><\/div>  <!-- .wpforms-container -->\t\t\t\t<\/div>\n\t\t\t\t<\/div>\n\t\t\t\t\t<\/div>\n\t\t\t\t<\/div>\n\t\t<div class=\"elementor-element elementor-element-67c3f96 e-flex e-con-boxed e-con e-parent\" data-id=\"67c3f96\" data-element_type=\"container\" data-e-type=\"container\">\n\t\t\t\t\t<div class=\"e-con-inner\">\n\t\t\t\t<div class=\"elementor-element elementor-element-40511fc elementor-widget elementor-widget-text-editor\" data-id=\"40511fc\" data-element_type=\"widget\" data-e-type=\"widget\" data-widget_type=\"text-editor.default\">\n\t\t\t\t<div class=\"elementor-widget-container\">\n\t\t\t\t\t\t\t\t\t<p><a href=\"https:\/\/celine-julien.fr\/\">Besoin de plus d&#8217;informations sur mon parcours et mon approche de psychopraticienne \u00e0 Vincennes ?<\/a>\u00a0<\/p><p>Retrouvez-moi \u00e9galement sur LinkedIn<\/p>\t\t\t\t\t\t\t\t<\/div>\n\t\t\t\t<\/div>\n\t\t\t\t<div class=\"elementor-element elementor-element-a1c0df5 elementor-view-default elementor-widget elementor-widget-icon\" data-id=\"a1c0df5\" data-element_type=\"widget\" data-e-type=\"widget\" data-widget_type=\"icon.default\">\n\t\t\t\t<div class=\"elementor-widget-container\">\n\t\t\t\t\t\t\t<div class=\"elementor-icon-wrapper\">\n\t\t\t<a class=\"elementor-icon\" href=\"https:\/\/www.linkedin.com\/search\/results\/all\/?fetchDeterministicClustersOnly=true&#038;heroEntityKey=urn%3Ali%3Afsd_profile%3AACoAABIW-tgBtkwUJM33ADCVr9_N3sb1MJGG2sg&#038;keywords=%E2%80%A2%20c%C3%A9line%20julien%20%E2%80%A2&#038;origin=RICH_QUERY_SUGGESTION&#038;position=0&#038;searchId=bca842ab-239d-46bc-8deb-ecdb3728996d&#038;sid=o%40Y&#038;spellCorrectionEnabled=false\">\n\t\t\t<svg aria-hidden=\"true\" class=\"e-font-icon-svg e-fab-linkedin\" viewBox=\"0 0 448 512\" xmlns=\"http:\/\/www.w3.org\/2000\/svg\"><path d=\"M416 32H31.9C14.3 32 0 46.5 0 64.3v383.4C0 465.5 14.3 480 31.9 480H416c17.6 0 32-14.5 32-32.3V64.3c0-17.8-14.4-32.3-32-32.3zM135.4 416H69V202.2h66.5V416zm-33.2-243c-21.3 0-38.5-17.3-38.5-38.5S80.9 96 102.2 96c21.2 0 38.5 17.3 38.5 38.5 0 21.3-17.2 38.5-38.5 38.5zm282.1 243h-66.4V312c0-24.8-.5-56.7-34.5-56.7-34.6 0-39.9 27-39.9 54.9V416h-66.4V202.2h63.7v29.2h.9c8.9-16.8 30.6-34.5 62.9-34.5 67.2 0 79.7 44.3 79.7 101.9V416z\"><\/path><\/svg>\t\t\t<\/a>\n\t\t<\/div>\n\t\t\t\t\t\t<\/div>\n\t\t\t\t<\/div>\n\t\t\t\t\t<\/div>\n\t\t\t\t<\/div>\n\t\t\t\t<\/div>\n\t\t","protected":false},"excerpt":{"rendered":"<p>\ud83c\udf31 C\u00e9line Julien &#8211; Psychopraticienne Enfants | Adolescent-e-s | Adultes \/ Vincennes \/ 06.50.22.55.50 Me contatcter Comment contacter C\u00e9line Julien, psychopraticienne \u00e0 Vincennes ? \ud83d\ude83. Transport M\u00e9tro Ligne 1 arr\u00eat B\u00e9rault RER A arr\u00eat Vincennes Bus 56, 318 et 325 arr\u00eat Vignerons Bus 118, 124 arr\u00eat Avenue du Ch\u00e2teau \u260e\ufe0f. T\u00e9l\u00e9phone Vous pouvez me contacter&hellip;&nbsp;<a href=\"https:\/\/celine-julien.fr\/index.php\/decouvrir-celine-psychopraticienne-a-vincennes\/contact\/\" class=\"\" rel=\"bookmark\">Read More &raquo;<span class=\"screen-reader-text\">Me contacter<\/span><\/a><\/p>\n","protected":false},"author":1,"featured_media":0,"parent":34,"menu_order":0,"comment_status":"closed","ping_status":"closed","template":"","meta":{"neve_meta_sidebar":"","neve_meta_container":"","neve_meta_enable_content_width":"","neve_meta_content_width":0,"neve_meta_title_alignment":"","neve_meta_author_avatar":"","neve_post_elements_order":"","neve_meta_disable_header":"","neve_meta_disable_footer":"","neve_meta_disable_title":"","footnotes":""},"class_list":["post-14","page","type-page","status-publish","hentry"],"yoast_head":"<!-- This site is optimized with the Yoast SEO plugin v27.5 - https:\/\/yoast.com\/product\/yoast-seo-wordpress\/ -->\n<title>Me contacter - C\u00e9line Julien<\/title>\n<meta name=\"description\" content=\"Comment contacter C\u00e9line JULIEN, psychopraticienne \u00e0 Vincennes ?\" \/>\n<meta name=\"robots\" content=\"index, follow, max-snippet:-1, max-image-preview:large, max-video-preview:-1\" \/>\n<link rel=\"canonical\" href=\"https:\/\/celine-julien.fr\/index.php\/decouvrir-celine-psychopraticienne-a-vincennes\/contact\/\" \/>\n<meta property=\"og:locale\" content=\"en_US\" \/>\n<meta property=\"og:type\" content=\"article\" \/>\n<meta property=\"og:title\" content=\"Me contacter - C\u00e9line Julien\" \/>\n<meta property=\"og:description\" content=\"Comment contacter C\u00e9line JULIEN, psychopraticienne \u00e0 Vincennes ?\" \/>\n<meta property=\"og:url\" content=\"https:\/\/celine-julien.fr\/index.php\/decouvrir-celine-psychopraticienne-a-vincennes\/contact\/\" \/>\n<meta property=\"og:site_name\" content=\"C\u00e9line Julien\" \/>\n<meta property=\"article:modified_time\" content=\"2024-04-29T19:21:33+00:00\" \/>\n<meta property=\"og:image\" content=\"http:\/\/celine-julien.fr\/wp-content\/uploads\/2024\/04\/PI42854-hr-1024x680.jpg\" \/>\n<meta name=\"twitter:card\" content=\"summary_large_image\" \/>\n<meta name=\"twitter:label1\" content=\"Est. reading time\" \/>\n\t<meta name=\"twitter:data1\" content=\"1 minute\" \/>\n<script type=\"application\/ld+json\" class=\"yoast-schema-graph\">{\"@context\":\"https:\\\/\\\/schema.org\",\"@graph\":[{\"@type\":\"WebPage\",\"@id\":\"https:\\\/\\\/celine-julien.fr\\\/index.php\\\/decouvrir-celine-psychopraticienne-a-vincennes\\\/contact\\\/\",\"url\":\"https:\\\/\\\/celine-julien.fr\\\/index.php\\\/decouvrir-celine-psychopraticienne-a-vincennes\\\/contact\\\/\",\"name\":\"Me contacter - C\u00e9line Julien\",\"isPartOf\":{\"@id\":\"https:\\\/\\\/celine-julien.fr\\\/#website\"},\"primaryImageOfPage\":{\"@id\":\"https:\\\/\\\/celine-julien.fr\\\/index.php\\\/decouvrir-celine-psychopraticienne-a-vincennes\\\/contact\\\/#primaryimage\"},\"image\":{\"@id\":\"https:\\\/\\\/celine-julien.fr\\\/index.php\\\/decouvrir-celine-psychopraticienne-a-vincennes\\\/contact\\\/#primaryimage\"},\"thumbnailUrl\":\"http:\\\/\\\/celine-julien.fr\\\/wp-content\\\/uploads\\\/2024\\\/04\\\/PI42854-hr-1024x680.jpg\",\"datePublished\":\"2024-01-16T12:40:30+00:00\",\"dateModified\":\"2024-04-29T19:21:33+00:00\",\"description\":\"Comment contacter C\u00e9line JULIEN, psychopraticienne \u00e0 Vincennes ?\",\"breadcrumb\":{\"@id\":\"https:\\\/\\\/celine-julien.fr\\\/index.php\\\/decouvrir-celine-psychopraticienne-a-vincennes\\\/contact\\\/#breadcrumb\"},\"inLanguage\":\"en-US\",\"potentialAction\":[{\"@type\":\"ReadAction\",\"target\":[\"https:\\\/\\\/celine-julien.fr\\\/index.php\\\/decouvrir-celine-psychopraticienne-a-vincennes\\\/contact\\\/\"]}]},{\"@type\":\"ImageObject\",\"inLanguage\":\"en-US\",\"@id\":\"https:\\\/\\\/celine-julien.fr\\\/index.php\\\/decouvrir-celine-psychopraticienne-a-vincennes\\\/contact\\\/#primaryimage\",\"url\":\"http:\\\/\\\/celine-julien.fr\\\/wp-content\\\/uploads\\\/2024\\\/04\\\/PI42854-hr-1024x680.jpg\",\"contentUrl\":\"http:\\\/\\\/celine-julien.fr\\\/wp-content\\\/uploads\\\/2024\\\/04\\\/PI42854-hr-1024x680.jpg\"},{\"@type\":\"BreadcrumbList\",\"@id\":\"https:\\\/\\\/celine-julien.fr\\\/index.php\\\/decouvrir-celine-psychopraticienne-a-vincennes\\\/contact\\\/#breadcrumb\",\"itemListElement\":[{\"@type\":\"ListItem\",\"position\":1,\"name\":\"Accueil\",\"item\":\"https:\\\/\\\/celine-julien.fr\\\/\"},{\"@type\":\"ListItem\",\"position\":2,\"name\":\"Accueil\",\"item\":\"https:\\\/\\\/celine-julien.fr\\\/\"},{\"@type\":\"ListItem\",\"position\":3,\"name\":\"Me contacter\"}]},{\"@type\":\"WebSite\",\"@id\":\"https:\\\/\\\/celine-julien.fr\\\/#website\",\"url\":\"https:\\\/\\\/celine-julien.fr\\\/\",\"name\":\"C\u00e9line Julien\",\"description\":\"Psychopraticienne \u00e0 Vincennes\",\"publisher\":{\"@id\":\"https:\\\/\\\/celine-julien.fr\\\/#organization\"},\"potentialAction\":[{\"@type\":\"SearchAction\",\"target\":{\"@type\":\"EntryPoint\",\"urlTemplate\":\"https:\\\/\\\/celine-julien.fr\\\/?s={search_term_string}\"},\"query-input\":{\"@type\":\"PropertyValueSpecification\",\"valueRequired\":true,\"valueName\":\"search_term_string\"}}],\"inLanguage\":\"en-US\"},{\"@type\":\"Organization\",\"@id\":\"https:\\\/\\\/celine-julien.fr\\\/#organization\",\"name\":\"C\u00e9line Julien Psychopraticienne\",\"url\":\"https:\\\/\\\/celine-julien.fr\\\/\",\"logo\":{\"@type\":\"ImageObject\",\"inLanguage\":\"en-US\",\"@id\":\"https:\\\/\\\/celine-julien.fr\\\/#\\\/schema\\\/logo\\\/image\\\/\",\"url\":\"https:\\\/\\\/celine-julien.fr\\\/wp-content\\\/uploads\\\/2024\\\/06\\\/cropped-photo-couleur-Celine-JULIEN-1-1.jpeg\",\"contentUrl\":\"https:\\\/\\\/celine-julien.fr\\\/wp-content\\\/uploads\\\/2024\\\/06\\\/cropped-photo-couleur-Celine-JULIEN-1-1.jpeg\",\"width\":200,\"height\":205,\"caption\":\"C\u00e9line Julien Psychopraticienne\"},\"image\":{\"@id\":\"https:\\\/\\\/celine-julien.fr\\\/#\\\/schema\\\/logo\\\/image\\\/\"},\"sameAs\":[\"https:\\\/\\\/www.linkedin.com\\\/in\\\/c\u00e9line-julien-24878285\\\/\"]}]}<\/script>\n<!-- \/ Yoast SEO plugin. -->","yoast_head_json":{"title":"Me contacter - C\u00e9line Julien","description":"Comment contacter C\u00e9line JULIEN, psychopraticienne \u00e0 Vincennes ?","robots":{"index":"index","follow":"follow","max-snippet":"max-snippet:-1","max-image-preview":"max-image-preview:large","max-video-preview":"max-video-preview:-1"},"canonical":"https:\/\/celine-julien.fr\/index.php\/decouvrir-celine-psychopraticienne-a-vincennes\/contact\/","og_locale":"en_US","og_type":"article","og_title":"Me contacter - C\u00e9line Julien","og_description":"Comment contacter C\u00e9line JULIEN, psychopraticienne \u00e0 Vincennes ?","og_url":"https:\/\/celine-julien.fr\/index.php\/decouvrir-celine-psychopraticienne-a-vincennes\/contact\/","og_site_name":"C\u00e9line Julien","article_modified_time":"2024-04-29T19:21:33+00:00","og_image":[{"url":"http:\/\/celine-julien.fr\/wp-content\/uploads\/2024\/04\/PI42854-hr-1024x680.jpg","type":"","width":"","height":""}],"twitter_card":"summary_large_image","twitter_misc":{"Est. reading time":"1 minute"},"schema":{"@context":"https:\/\/schema.org","@graph":[{"@type":"WebPage","@id":"https:\/\/celine-julien.fr\/index.php\/decouvrir-celine-psychopraticienne-a-vincennes\/contact\/","url":"https:\/\/celine-julien.fr\/index.php\/decouvrir-celine-psychopraticienne-a-vincennes\/contact\/","name":"Me contacter - C\u00e9line Julien","isPartOf":{"@id":"https:\/\/celine-julien.fr\/#website"},"primaryImageOfPage":{"@id":"https:\/\/celine-julien.fr\/index.php\/decouvrir-celine-psychopraticienne-a-vincennes\/contact\/#primaryimage"},"image":{"@id":"https:\/\/celine-julien.fr\/index.php\/decouvrir-celine-psychopraticienne-a-vincennes\/contact\/#primaryimage"},"thumbnailUrl":"http:\/\/celine-julien.fr\/wp-content\/uploads\/2024\/04\/PI42854-hr-1024x680.jpg","datePublished":"2024-01-16T12:40:30+00:00","dateModified":"2024-04-29T19:21:33+00:00","description":"Comment contacter C\u00e9line JULIEN, psychopraticienne \u00e0 Vincennes ?","breadcrumb":{"@id":"https:\/\/celine-julien.fr\/index.php\/decouvrir-celine-psychopraticienne-a-vincennes\/contact\/#breadcrumb"},"inLanguage":"en-US","potentialAction":[{"@type":"ReadAction","target":["https:\/\/celine-julien.fr\/index.php\/decouvrir-celine-psychopraticienne-a-vincennes\/contact\/"]}]},{"@type":"ImageObject","inLanguage":"en-US","@id":"https:\/\/celine-julien.fr\/index.php\/decouvrir-celine-psychopraticienne-a-vincennes\/contact\/#primaryimage","url":"http:\/\/celine-julien.fr\/wp-content\/uploads\/2024\/04\/PI42854-hr-1024x680.jpg","contentUrl":"http:\/\/celine-julien.fr\/wp-content\/uploads\/2024\/04\/PI42854-hr-1024x680.jpg"},{"@type":"BreadcrumbList","@id":"https:\/\/celine-julien.fr\/index.php\/decouvrir-celine-psychopraticienne-a-vincennes\/contact\/#breadcrumb","itemListElement":[{"@type":"ListItem","position":1,"name":"Accueil","item":"https:\/\/celine-julien.fr\/"},{"@type":"ListItem","position":2,"name":"Accueil","item":"https:\/\/celine-julien.fr\/"},{"@type":"ListItem","position":3,"name":"Me contacter"}]},{"@type":"WebSite","@id":"https:\/\/celine-julien.fr\/#website","url":"https:\/\/celine-julien.fr\/","name":"C\u00e9line Julien","description":"Psychopraticienne \u00e0 Vincennes","publisher":{"@id":"https:\/\/celine-julien.fr\/#organization"},"potentialAction":[{"@type":"SearchAction","target":{"@type":"EntryPoint","urlTemplate":"https:\/\/celine-julien.fr\/?s={search_term_string}"},"query-input":{"@type":"PropertyValueSpecification","valueRequired":true,"valueName":"search_term_string"}}],"inLanguage":"en-US"},{"@type":"Organization","@id":"https:\/\/celine-julien.fr\/#organization","name":"C\u00e9line Julien Psychopraticienne","url":"https:\/\/celine-julien.fr\/","logo":{"@type":"ImageObject","inLanguage":"en-US","@id":"https:\/\/celine-julien.fr\/#\/schema\/logo\/image\/","url":"https:\/\/celine-julien.fr\/wp-content\/uploads\/2024\/06\/cropped-photo-couleur-Celine-JULIEN-1-1.jpeg","contentUrl":"https:\/\/celine-julien.fr\/wp-content\/uploads\/2024\/06\/cropped-photo-couleur-Celine-JULIEN-1-1.jpeg","width":200,"height":205,"caption":"C\u00e9line Julien Psychopraticienne"},"image":{"@id":"https:\/\/celine-julien.fr\/#\/schema\/logo\/image\/"},"sameAs":["https:\/\/www.linkedin.com\/in\/c\u00e9line-julien-24878285\/"]}]}},"_links":{"self":[{"href":"https:\/\/celine-julien.fr\/index.php\/wp-json\/wp\/v2\/pages\/14","targetHints":{"allow":["GET"]}}],"collection":[{"href":"https:\/\/celine-julien.fr\/index.php\/wp-json\/wp\/v2\/pages"}],"about":[{"href":"https:\/\/celine-julien.fr\/index.php\/wp-json\/wp\/v2\/types\/page"}],"author":[{"embeddable":true,"href":"https:\/\/celine-julien.fr\/index.php\/wp-json\/wp\/v2\/users\/1"}],"replies":[{"embeddable":true,"href":"https:\/\/celine-julien.fr\/index.php\/wp-json\/wp\/v2\/comments?post=14"}],"version-history":[{"count":26,"href":"https:\/\/celine-julien.fr\/index.php\/wp-json\/wp\/v2\/pages\/14\/revisions"}],"predecessor-version":[{"id":187,"href":"https:\/\/celine-julien.fr\/index.php\/wp-json\/wp\/v2\/pages\/14\/revisions\/187"}],"up":[{"embeddable":true,"href":"https:\/\/celine-julien.fr\/index.php\/wp-json\/wp\/v2\/pages\/34"}],"wp:attachment":[{"href":"https:\/\/celine-julien.fr\/index.php\/wp-json\/wp\/v2\/media?parent=14"}],"curies":[{"name":"wp","href":"https:\/\/api.w.org\/{rel}","templated":true}]}}